{"id":129,"date":"2023-09-24T09:20:52","date_gmt":"2023-09-24T07:20:52","guid":{"rendered":"https:\/\/tumejorversion.pro\/?page_id=129"},"modified":"2023-09-24T09:37:03","modified_gmt":"2023-09-24T07:37:03","slug":"blog-2","status":"publish","type":"page","link":"https:\/\/tumejorversion.pro\/?page_id=129","title":{"rendered":"Blog"},"content":{"rendered":"\n<h2 class=\"wp-block-heading\">Mis experiencias, vivencias, pensamientos y transformaci\u00f3n<\/h2>\n\n\n\n<div class=\"wp-block-columns is-layout-flex wp-container-core-columns-is-layout-9d6595d7 wp-block-columns-is-layout-flex\">\n<div class=\"wp-block-column is-layout-flow wp-block-column-is-layout-flow\" style=\"flex-basis:33.33%\"><ul class=\"wp-block-latest-posts__list wp-block-latest-posts\"><li><div class=\"wp-block-latest-posts__featured-image\"><img loading=\"lazy\" decoding=\"async\" width=\"150\" height=\"150\" src=\"https:\/\/tumejorversion.pro\/wp-content\/uploads\/2023\/10\/equilibrio-piedras-150x150.jpg\" class=\"attachment-thumbnail size-thumbnail wp-post-image\" alt=\"\" style=\"width:100%;height:50%;max-width:1280px;\" \/><\/div><a class=\"wp-block-latest-posts__post-title\" href=\"https:\/\/tumejorversion.pro\/?p=157\">Meditaci\u00f3n<\/a><\/li>\n<li><div class=\"wp-block-latest-posts__featured-image\"><img loading=\"lazy\" decoding=\"async\" width=\"150\" height=\"150\" src=\"https:\/\/tumejorversion.pro\/wp-content\/uploads\/2023\/09\/caminar-acantilado-150x150.jpg\" class=\"attachment-thumbnail size-thumbnail wp-post-image\" alt=\"\" style=\"width:100%;height:56.25%;max-width:1280px;\" \/><\/div><a class=\"wp-block-latest-posts__post-title\" href=\"https:\/\/tumejorversion.pro\/?p=144\">Caminar<\/a><\/li>\n<li><div class=\"wp-block-latest-posts__featured-image\"><img loading=\"lazy\" decoding=\"async\" width=\"150\" height=\"150\" src=\"https:\/\/tumejorversion.pro\/wp-content\/uploads\/2023\/09\/disciplina-150x150.jpg\" class=\"attachment-thumbnail size-thumbnail wp-post-image\" alt=\"\" style=\"width:100%;height:66.64%;max-width:1280px;\" \/><\/div><a class=\"wp-block-latest-posts__post-title\" href=\"https:\/\/tumejorversion.pro\/?p=114\">El poder de la disciplina<\/a><\/li>\n<li><div class=\"wp-block-latest-posts__featured-image\"><img loading=\"lazy\" decoding=\"async\" width=\"150\" height=\"150\" src=\"https:\/\/tumejorversion.pro\/wp-content\/uploads\/2023\/09\/emociones-150x150.jpg\" class=\"attachment-thumbnail size-thumbnail wp-post-image\" alt=\"\" style=\"width:100%;height:67.11%;max-width:1280px;\" \/><\/div><a class=\"wp-block-latest-posts__post-title\" href=\"https:\/\/tumejorversion.pro\/?p=107\">Inteligencia emocional<\/a><\/li>\n<li><div class=\"wp-block-latest-posts__featured-image\"><img loading=\"lazy\" decoding=\"async\" width=\"150\" height=\"150\" src=\"https:\/\/tumejorversion.pro\/wp-content\/uploads\/2023\/08\/despertar-150x150.jpg\" class=\"attachment-thumbnail size-thumbnail wp-post-image\" alt=\"\" style=\"width:100%;height:75%;max-width:1280px;\" \/><\/div><a class=\"wp-block-latest-posts__post-title\" href=\"https:\/\/tumejorversion.pro\/?p=1\">El Despertar<\/a><\/li>\n<\/ul><\/div>\n\n\n\n<div class=\"wp-block-column is-layout-flow wp-block-column-is-layout-flow\" style=\"flex-basis:66.66%\"><ul class=\"wp-block-latest-posts__list has-dates has-author wp-block-latest-posts\"><li><div class=\"wp-block-latest-posts__featured-image\"><a href=\"https:\/\/tumejorversion.pro\/?p=114\" aria-label=\"El poder de la disciplina\"><img loading=\"lazy\" decoding=\"async\" width=\"750\" height=\"500\" src=\"https:\/\/tumejorversion.pro\/wp-content\/uploads\/2023\/09\/disciplina-1024x682.jpg\" class=\"attachment-large size-large wp-post-image\" alt=\"\" style=\"width:100%;height:66.64%;max-width:1280px;\" srcset=\"https:\/\/tumejorversion.pro\/wp-content\/uploads\/2023\/09\/disciplina-1024x682.jpg 1024w, https:\/\/tumejorversion.pro\/wp-content\/uploads\/2023\/09\/disciplina-300x200.jpg 300w, https:\/\/tumejorversion.pro\/wp-content\/uploads\/2023\/09\/disciplina-768x512.jpg 768w, https:\/\/tumejorversion.pro\/wp-content\/uploads\/2023\/09\/disciplina.jpg 1280w\" sizes=\"auto, (max-width: 750px) 100vw, 750px\" \/><\/a><\/div><a class=\"wp-block-latest-posts__post-title\" href=\"https:\/\/tumejorversion.pro\/?p=114\">El poder de la disciplina<\/a><div class=\"wp-block-latest-posts__post-author\">por tumejorversion.pro<\/div><time datetime=\"2023-09-23T12:27:24+02:00\" class=\"wp-block-latest-posts__post-date\">23 de septiembre de 2023<\/time><div class=\"wp-block-latest-posts__post-excerpt\">El t\u00edtulo lo dice todo, El poder de la disciplina. \u00bfPor qu\u00e9 es tan importante el poder de la disciplina? Quiero empezar con esta frase demoledora:&nbsp; La disciplina vencer\u00e1 tarde o temprano a la inteligencia Yokoi Kenjii Podemos ser m\u00e1s o menos inteligentes, m\u00e1s o menos audaces, m\u00e1s o menos r\u00e1pidos, pero lo \u00fanico con&hellip; <a class=\"more-link\" href=\"https:\/\/tumejorversion.pro\/?p=114\">Seguir leyendo <span class=\"screen-reader-text\">El poder de la disciplina<\/span><\/a><\/div><\/li>\n<\/ul><\/div>\n<\/div>\n","protected":false},"excerpt":{"rendered":"<p>Mis experiencias, vivencias, pensamientos y transformaci\u00f3n<\/p>\n","protected":false},"author":1,"featured_media":0,"parent":0,"menu_order":0,"comment_status":"closed","ping_status":"closed","template":"","meta":{"footnotes":""},"class_list":["post-129","page","type-page","status-publish","hentry","entry"],"aioseo_notices":[],"_links":{"self":[{"href":"https:\/\/tumejorversion.pro\/index.php?rest_route=\/wp\/v2\/pages\/129","targetHints":{"allow":["GET"]}}],"collection":[{"href":"https:\/\/tumejorversion.pro\/index.php?rest_route=\/wp\/v2\/pages"}],"about":[{"href":"https:\/\/tumejorversion.pro\/index.php?rest_route=\/wp\/v2\/types\/page"}],"author":[{"embeddable":true,"href":"https:\/\/tumejorversion.pro\/index.php?rest_route=\/wp\/v2\/users\/1"}],"replies":[{"embeddable":true,"href":"https:\/\/tumejorversion.pro\/index.php?rest_route=%2Fwp%2Fv2%2Fcomments&post=129"}],"version-history":[{"count":3,"href":"https:\/\/tumejorversion.pro\/index.php?rest_route=\/wp\/v2\/pages\/129\/revisions"}],"predecessor-version":[{"id":143,"href":"https:\/\/tumejorversion.pro\/index.php?rest_route=\/wp\/v2\/pages\/129\/revisions\/143"}],"wp:attachment":[{"href":"https:\/\/tumejorversion.pro\/index.php?rest_route=%2Fwp%2Fv2%2Fmedia&parent=129"}],"curies":[{"name":"wp","href":"https:\/\/api.w.org\/{rel}","templated":true}]}}