{"id":12,"date":"2023-09-23T05:56:32","date_gmt":"2023-09-23T03:56:32","guid":{"rendered":"https:\/\/tumejorversion.pro\/?page_id=12"},"modified":"2023-11-04T08:36:31","modified_gmt":"2023-11-04T07:36:31","slug":"rutinas","status":"publish","type":"page","link":"https:\/\/tumejorversion.pro\/?page_id=12","title":{"rendered":"Rutinas"},"content":{"rendered":"\n<div class=\"wp-block-media-text alignfull is-stacked-on-mobile is-vertically-aligned-center\"><figure class=\"wp-block-media-text__media\"><a href=\"https:\/\/tumejorversion.pro\/?page_id=49\"><img loading=\"lazy\" decoding=\"async\" width=\"932\" height=\"699\" src=\"http:\/\/tumejorversion.pro\/wp-content\/uploads\/2023\/09\/libros-edited.jpg\" alt=\"\" class=\"wp-image-80 size-full\" srcset=\"https:\/\/tumejorversion.pro\/wp-content\/uploads\/2023\/09\/libros-edited.jpg 932w, https:\/\/tumejorversion.pro\/wp-content\/uploads\/2023\/09\/libros-edited-300x225.jpg 300w, https:\/\/tumejorversion.pro\/wp-content\/uploads\/2023\/09\/libros-edited-768x576.jpg 768w\" sizes=\"auto, (max-width: 932px) 100vw, 932px\" \/><\/a><\/figure><div class=\"wp-block-media-text__content\">\n<h3 class=\"wp-block-heading\" id=\"lectura\">Rutina de lectura<\/h3>\n\n\n\n<p>La lectura es una excelente manera de aprender, crecer y relajarse. Bas\u00e1ndome en mi experiencia, y lectura, te recomendar\u00e9 libros que te inspiren, te motiven y te ayuden a alcanzar tus objetivos. Tambi\u00e9n te dar\u00e9 una peque\u00f1a introducci\u00f3n de cada libro, para que puedas decidir si te interesa o no.<\/p>\n\n\n\n<p>Recuerda<\/p>\n\n\n\n<ul class=\"wp-block-list\">\n<li>Establece un objetivo de lectura semanal.<\/li>\n\n\n\n<li>Encuentra libros que te interesen.<\/li>\n\n\n\n<li>Reserva tiempo para leer todos los d\u00edas.<\/li>\n<\/ul>\n\n\n\n<p>En <a href=\"https:\/\/tumejorversion.pro\/?page_id=129\" title=\"\"><strong>mi Blog<\/strong><\/a>, te hablo y recomiendo, los que creo que son los mejores libros para que se produzca ese cambio<\/p>\n\n\n\n<p class=\"has-text-align-center has-extra-small-font-size\"><a href=\"https:\/\/tumejorversion.pro\/?page_id=49\" title=\"\">Acceso a galer\u00eda de Libros<\/a><\/p>\n<\/div><\/div>\n\n\n\n<div class=\"wp-block-media-text alignfull has-media-on-the-right is-stacked-on-mobile is-vertically-aligned-center\"><div class=\"wp-block-media-text__content\">\n<h3 class=\"wp-block-heading has-text-align-center has-text-color\" style=\"color:#000000\"><\/h3>\n\n\n\n<h3 class=\"wp-block-heading\">Rutina de ejercicio<\/h3>\n\n\n\n<p>El ejercicio es una excelente manera de mejorar tu salud f\u00edsica y mental. En&nbsp;<strong><a href=\"https:\/\/tumejorversion.pro\/?page_id=129\" title=\"Blog\">mi Blog<\/a><\/strong>, te ayudamos a crear una rutina de ejercicio que sea segura y efectiva para ti.<\/p>\n\n\n\n<p>Elige una actividad f\u00edsica que te guste.<br>Empieza poco a poco y aumenta gradualmente la intensidad.<br>Haz ejercicio al menos 30 minutos al d\u00eda.<\/p>\n\n\n\n<p><\/p>\n\n\n\n<p class=\"has-text-align-center has-extra-small-font-size\"><a href=\"https:\/\/tumejorversion.pro\/?page_id=52\" title=\"\">Acceso a galer\u00eda de productos para el ejercicio<\/a><\/p>\n\n\n\n<p><\/p>\n<\/div><figure class=\"wp-block-media-text__media\"><a href=\"https:\/\/tumejorversion.pro\/?page_id=52\"><img loading=\"lazy\" decoding=\"async\" width=\"1024\" height=\"682\" src=\"http:\/\/tumejorversion.pro\/wp-content\/uploads\/2023\/09\/ejercicio-1024x682.jpg\" alt=\"\" class=\"wp-image-76 size-full\" srcset=\"https:\/\/tumejorversion.pro\/wp-content\/uploads\/2023\/09\/ejercicio-1024x682.jpg 1024w, https:\/\/tumejorversion.pro\/wp-content\/uploads\/2023\/09\/ejercicio-300x200.jpg 300w, https:\/\/tumejorversion.pro\/wp-content\/uploads\/2023\/09\/ejercicio-768x512.jpg 768w, https:\/\/tumejorversion.pro\/wp-content\/uploads\/2023\/09\/ejercicio.jpg 1280w\" sizes=\"auto, (max-width: 1024px) 100vw, 1024px\" \/><\/a><\/figure><\/div>\n\n\n\n<div class=\"wp-block-media-text alignfull is-stacked-on-mobile is-vertically-aligned-center\"><figure class=\"wp-block-media-text__media\"><a href=\"https:\/\/tumejorversion.pro\/?page_id=53\"><img loading=\"lazy\" decoding=\"async\" width=\"768\" height=\"1024\" src=\"http:\/\/tumejorversion.pro\/wp-content\/uploads\/2023\/10\/malecom-768x1024.jpg\" alt=\"\" class=\"wp-image-161 size-full\" srcset=\"https:\/\/tumejorversion.pro\/wp-content\/uploads\/2023\/10\/malecom-768x1024.jpg 768w, https:\/\/tumejorversion.pro\/wp-content\/uploads\/2023\/10\/malecom-225x300.jpg 225w, https:\/\/tumejorversion.pro\/wp-content\/uploads\/2023\/10\/malecom.jpg 960w\" sizes=\"auto, (max-width: 768px) 100vw, 768px\" \/><\/a><\/figure><div class=\"wp-block-media-text__content\">\n<h3 class=\"wp-block-heading has-text-align-center has-text-color\" style=\"color:#000000\"><\/h3>\n\n\n\n<h3 class=\"wp-block-heading\">Rutina de meditaci\u00f3n<\/h3>\n\n\n\n<p>La meditaci\u00f3n es una excelente manera de reducir el estr\u00e9s, mejorar tu concentraci\u00f3n y encontrar la paz interior. En&nbsp;<strong><a href=\"https:\/\/tumejorversion.pro\/?page_id=129\" title=\"Blog\">mi Blog<\/a><\/strong>, te ayudamos a crear una rutina de meditaci\u00f3n que sea efectiva para ti.<\/p>\n\n\n\n<p>Encuentra un lugar tranquilo donde puedas meditar sin interrupciones.<br>Empieza con sesiones cortas y aumenta gradualmente la duraci\u00f3n.<br>C\u00e9ntrate en tu respiraci\u00f3n y en tu cuerpo.<\/p>\n\n\n\n<p class=\"has-text-align-center has-extra-small-font-size\"><a href=\"https:\/\/tumejorversion.pro\/?page_id=53\" title=\"\">Acceso a  galer\u00eda de productos para la Meditaci\u00f3n<\/a><\/p>\n<\/div><\/div>\n\n\n\n<div class=\"wp-block-media-text alignfull has-media-on-the-right is-stacked-on-mobile is-vertically-aligned-center\"><div class=\"wp-block-media-text__content\">\n<h3 class=\"wp-block-heading has-text-align-center\">Rutina de cuidado personal<\/h3>\n\n\n\n<p>El cuidado personal es esencial para tu salud f\u00edsica y mental. En <strong><a href=\"https:\/\/tumejorversion.pro\/?page_id=129\" title=\"\">mi Blog<\/a><\/strong>, ver\u00e1s art\u00edculos que te ayudar\u00e1n a crear una rutina de cuidado personal que te ayude a sentirte bien contigo mismo.<\/p>\n\n\n\n<p>T\u00f3mate un tiempo para ti todos los d\u00edas.<br>Haz cosas que te gusten.<br>Cu\u00eddate de tu piel, cabello y cuerpo.<\/p>\n\n\n\n<p class=\"has-text-align-center has-extra-small-font-size\"><a href=\"https:\/\/tumejorversion.pro\/?page_id=51\" title=\"\">Acceso a galer\u00eda de productos para el  Cuidado personal<\/a><\/p>\n<\/div><figure class=\"wp-block-media-text__media\"><a href=\"https:\/\/tumejorversion.pro\/?page_id=51\"><img loading=\"lazy\" decoding=\"async\" width=\"1024\" height=\"575\" src=\"http:\/\/tumejorversion.pro\/wp-content\/uploads\/2023\/09\/soap-2333391_1280-1024x575.jpg\" alt=\"\" class=\"wp-image-75 size-full\" srcset=\"https:\/\/tumejorversion.pro\/wp-content\/uploads\/2023\/09\/soap-2333391_1280-1024x575.jpg 1024w, https:\/\/tumejorversion.pro\/wp-content\/uploads\/2023\/09\/soap-2333391_1280-300x169.jpg 300w, https:\/\/tumejorversion.pro\/wp-content\/uploads\/2023\/09\/soap-2333391_1280-768x431.jpg 768w, https:\/\/tumejorversion.pro\/wp-content\/uploads\/2023\/09\/soap-2333391_1280.jpg 1280w\" sizes=\"auto, (max-width: 1024px) 100vw, 1024px\" \/><\/a><\/figure><\/div>\n\n\n\n<div class=\"wp-block-media-text alignfull is-stacked-on-mobile is-vertically-aligned-center\"><figure class=\"wp-block-media-text__media\"><a href=\"https:\/\/tumejorversion.pro\/?page_id=48\"><img loading=\"lazy\" decoding=\"async\" width=\"1024\" height=\"682\" src=\"http:\/\/tumejorversion.pro\/wp-content\/uploads\/2023\/09\/comida-1024x682.jpg\" alt=\"\" class=\"wp-image-78 size-full\" srcset=\"https:\/\/tumejorversion.pro\/wp-content\/uploads\/2023\/09\/comida-1024x682.jpg 1024w, https:\/\/tumejorversion.pro\/wp-content\/uploads\/2023\/09\/comida-300x200.jpg 300w, https:\/\/tumejorversion.pro\/wp-content\/uploads\/2023\/09\/comida-768x512.jpg 768w, https:\/\/tumejorversion.pro\/wp-content\/uploads\/2023\/09\/comida.jpg 1280w\" sizes=\"auto, (max-width: 1024px) 100vw, 1024px\" \/><\/a><\/figure><div class=\"wp-block-media-text__content\">\n<h3 class=\"wp-block-heading has-text-align-center has-text-color\" style=\"color:#000000\">Rutina de cocina saludable<\/h3>\n\n\n\n<p>Una dieta saludable es esencial para tu salud f\u00edsica y mental. En&nbsp;<strong><a href=\"https:\/\/tumejorversion.pro\/?page_id=129\" title=\"\">mi Blog<\/a><\/strong>, te ayudamos a crear una rutina de cocina saludable que te permita disfrutar de la comida sin sacrificar tu salud, con recetas riqu\u00edsimas.<\/p>\n\n\n\n<p>Elige alimentos frescos y nutritivos.<br>Cocina en casa la mayor parte del tiempo.<br>Evita los alimentos procesados y el az\u00facar.<\/p>\n\n\n\n<p class=\"has-text-align-center has-extra-small-font-size\"><a href=\"https:\/\/tumejorversion.pro\/?page_id=48\" title=\"\">Acceso a  galer\u00eda de productos para la cocina<\/a><\/p>\n<\/div><\/div>\n","protected":false},"excerpt":{"rendered":"<p>Rutina de ejercicio El ejercicio es una excelente manera de mejorar tu salud f\u00edsica y mental. En&nbsp;mi Blog, te ayudamos a crear una rutina de ejercicio que sea segura y efectiva para ti. Elige una actividad f\u00edsica que te guste.Empieza poco a poco y aumenta gradualmente la intensidad.Haz ejercicio al menos 30 minutos al d\u00eda.&hellip; <a class=\"more-link\" href=\"https:\/\/tumejorversion.pro\/?page_id=12\">Seguir leyendo <span class=\"screen-reader-text\">Rutinas<\/span><\/a><\/p>\n","protected":false},"author":1,"featured_media":0,"parent":0,"menu_order":0,"comment_status":"closed","ping_status":"closed","template":"","meta":{"footnotes":""},"class_list":["post-12","page","type-page","status-publish","hentry","entry"],"aioseo_notices":[],"_links":{"self":[{"href":"https:\/\/tumejorversion.pro\/index.php?rest_route=\/wp\/v2\/pages\/12","targetHints":{"allow":["GET"]}}],"collection":[{"href":"https:\/\/tumejorversion.pro\/index.php?rest_route=\/wp\/v2\/pages"}],"about":[{"href":"https:\/\/tumejorversion.pro\/index.php?rest_route=\/wp\/v2\/types\/page"}],"author":[{"embeddable":true,"href":"https:\/\/tumejorversion.pro\/index.php?rest_route=\/wp\/v2\/users\/1"}],"replies":[{"embeddable":true,"href":"https:\/\/tumejorversion.pro\/index.php?rest_route=%2Fwp%2Fv2%2Fcomments&post=12"}],"version-history":[{"count":7,"href":"https:\/\/tumejorversion.pro\/index.php?rest_route=\/wp\/v2\/pages\/12\/revisions"}],"predecessor-version":[{"id":219,"href":"https:\/\/tumejorversion.pro\/index.php?rest_route=\/wp\/v2\/pages\/12\/revisions\/219"}],"wp:attachment":[{"href":"https:\/\/tumejorversion.pro\/index.php?rest_route=%2Fwp%2Fv2%2Fmedia&parent=12"}],"curies":[{"name":"wp","href":"https:\/\/api.w.org\/{rel}","templated":true}]}}