{"id":11,"date":"2023-09-23T05:56:32","date_gmt":"2023-09-23T03:56:32","guid":{"rendered":"https:\/\/tumejorversion.pro\/?page_id=11"},"modified":"2023-11-02T21:34:26","modified_gmt":"2023-11-02T20:34:26","slug":"crea-tu-web-con-bloques","status":"publish","type":"page","link":"https:\/\/tumejorversion.pro\/","title":{"rendered":"Tu mejor version.pro"},"content":{"rendered":"\n<div style=\"height:100px\" aria-hidden=\"true\" class=\"wp-block-spacer\"><\/div>\n\n\n\n<div style=\"height:50px\" aria-hidden=\"true\" class=\"wp-block-spacer\"><\/div>\n\n\n\n<h2 class=\"wp-block-heading\">\u00bfQuieres vivir tu mejor vida? \u00a1Descubre c\u00f3mo mejorar tu bienestar con rutinas saludables!<\/h2>\n\n\n\n<p>\u00bfEst\u00e1s cansado de vivir una vida mediocre? \u00bfQuieres alcanzar tu m\u00e1ximo potencial y vivir tu mejor vida?<\/p>\n\n\n\n<p>En <a href=\"https:\/\/tumejorversion.pro\/\" title=\"Tu mejor versi\u00f3n\"><strong>Tu mejor versi\u00f3n.pro<\/strong><\/a>, encontrar\u00e1s toda la informaci\u00f3n y herramientas necesarias para lograrlo.<\/p>\n\n\n\n<blockquote class=\"wp-block-quote is-layout-flow wp-block-quote-is-layout-flow\">\n<p>Siembra pensamiento, cosecha acci\u00f3n, siembra acci\u00f3n, cosecha h\u00e1bito, siembra h\u00e1bito, cosecha car\u00e1cter, siembra car\u00e1cter, cosecha destino<\/p>\n<\/blockquote>\n\n\n\n<h2 class=\"wp-block-heading\">Rutinas saludables para mejorar tu bienestar<\/h2>\n\n\n\n<p>Para vivir una vida plena y feliz, es importante cuidar tu cuerpo y tu mente. En <a href=\"https:\/\/tumejorversion.pro\/\" title=\"Tu mejor versi\u00f3n\"><strong>Tu mejor versi\u00f3n.pro<\/strong><\/a>, te ense\u00f1amos a crear rutinas saludables que te ayudar\u00e1n a mejorar tu bienestar en todos los aspectos.<\/p>\n\n\n\n<h3 class=\"wp-block-heading\">1. Rutina de lectura<br>2. Rutina de cuidado personal<br>3. Rutina de ejercicio<br>4. Rutina de meditaci\u00f3n<br>5. Rutina de cocina saludable<\/h3>\n\n\n\n<p>Visita la p\u00e1gina de <strong><a href=\"https:\/\/tumejorversion.pro\/?page_id=12\" title=\"\">Rutinas<\/a><\/strong>, para saber por qu\u00e9 y para qu\u00e9 de cada una.<\/p>\n\n\n\n<p>Visita nuestro <a href=\"https:\/\/tumejorversion.pro\/?page_id=129\" title=\"Blog\">blog<\/a> pues con nuestros art\u00edculos, vamos a ir dando forma a esas rutinas, y explicar el paso a paso de cada una.<\/p>\n\n\n\n<div class=\"wp-block-group\" style=\"padding-top:30px;padding-right:30px;padding-bottom:30px;padding-left:30px\"><div class=\"wp-block-group__inner-container is-layout-flow wp-block-group-is-layout-flow\">\n<div class=\"wp-block-columns is-layout-flex wp-container-core-columns-is-layout-9d6595d7 wp-block-columns-is-layout-flex\">\n<div class=\"wp-block-column is-layout-flow wp-block-column-is-layout-flow\" style=\"flex-basis:50%\">\n<div class=\"wp-block-query is-layout-flow wp-block-query-is-layout-flow\"><ul class=\"wp-block-post-template is-layout-flow wp-block-post-template-is-layout-flow\"><li class=\"wp-block-post post-157 post type-post status-publish format-standard has-post-thumbnail hentry category-blog tag-ansiedad tag-cambiar-la-vida tag-desarrollo-personal tag-disciplina tag-estres tag-felicidad tag-interior tag-meditacion tag-meditara tag-rutina tag-tu-mejor-version entry\">\n<figure class=\"wp-block-post-featured-image\"><a href=\"https:\/\/tumejorversion.pro\/?p=157\" target=\"_self\" rel=\"https:\/\/tumejorversion.pro\/?p=144\" ><img loading=\"lazy\" decoding=\"async\" width=\"1280\" height=\"640\" src=\"https:\/\/tumejorversion.pro\/wp-content\/uploads\/2023\/10\/equilibrio-piedras.jpg\" class=\"attachment-post-thumbnail size-post-thumbnail wp-post-image\" alt=\"Meditaci\u00f3n\" style=\"width:100%;height:50%;max-width:1280px;object-fit:cover;\" srcset=\"https:\/\/tumejorversion.pro\/wp-content\/uploads\/2023\/10\/equilibrio-piedras.jpg 1280w, https:\/\/tumejorversion.pro\/wp-content\/uploads\/2023\/10\/equilibrio-piedras-300x150.jpg 300w, https:\/\/tumejorversion.pro\/wp-content\/uploads\/2023\/10\/equilibrio-piedras-1024x512.jpg 1024w, https:\/\/tumejorversion.pro\/wp-content\/uploads\/2023\/10\/equilibrio-piedras-768x384.jpg 768w\" sizes=\"auto, (max-width: 1280px) 100vw, 1280px\" \/><\/a><\/figure>\n\n<h2 class=\"wp-block-post-title\"><a href=\"https:\/\/tumejorversion.pro\/?p=157\" target=\"_self\" rel=\"https:\/\/tumejorversion.pro\/?p=144\">Meditaci\u00f3n<\/a><\/h2>\n\n<div class=\"wp-block-post-date\"><time datetime=\"2023-10-11T12:34:30+02:00\">11 de octubre de 2023<\/time><\/div>\n\n\n<div style=\"height:200px\" aria-hidden=\"true\" class=\"wp-block-spacer\"><\/div>\n\n<\/li><li class=\"wp-block-post post-144 post type-post status-publish format-standard has-post-thumbnail hentry category-blog category-ejercicio tag-cambiar-la-vida tag-caminar tag-desarrollo-personal tag-disciplina tag-ejercicio tag-rutina tag-tu-mejor-version entry\">\n<figure class=\"wp-block-post-featured-image\"><a href=\"https:\/\/tumejorversion.pro\/?p=144\" target=\"_self\" rel=\"https:\/\/tumejorversion.pro\/?p=144\" ><img loading=\"lazy\" decoding=\"async\" width=\"1280\" height=\"720\" src=\"https:\/\/tumejorversion.pro\/wp-content\/uploads\/2023\/09\/caminar-acantilado.jpg\" class=\"attachment-post-thumbnail size-post-thumbnail wp-post-image\" alt=\"Caminar\" style=\"width:100%;height:56.25%;max-width:1280px;object-fit:cover;\" srcset=\"https:\/\/tumejorversion.pro\/wp-content\/uploads\/2023\/09\/caminar-acantilado.jpg 1280w, https:\/\/tumejorversion.pro\/wp-content\/uploads\/2023\/09\/caminar-acantilado-300x169.jpg 300w, https:\/\/tumejorversion.pro\/wp-content\/uploads\/2023\/09\/caminar-acantilado-1024x576.jpg 1024w, https:\/\/tumejorversion.pro\/wp-content\/uploads\/2023\/09\/caminar-acantilado-768x432.jpg 768w\" sizes=\"auto, (max-width: 1280px) 100vw, 1280px\" \/><\/a><\/figure>\n\n<h2 class=\"wp-block-post-title\"><a href=\"https:\/\/tumejorversion.pro\/?p=144\" target=\"_self\" rel=\"https:\/\/tumejorversion.pro\/?p=144\">Caminar<\/a><\/h2>\n\n<div class=\"wp-block-post-date\"><time datetime=\"2023-09-24T09:52:48+02:00\">24 de septiembre de 2023<\/time><\/div>\n\n\n<div style=\"height:200px\" aria-hidden=\"true\" class=\"wp-block-spacer\"><\/div>\n\n<\/li><\/ul><\/div>\n<\/div>\n\n\n\n<div class=\"wp-block-column is-layout-flow wp-block-column-is-layout-flow\" style=\"flex-basis:50%\">\n<div class=\"wp-block-query is-layout-flow wp-block-query-is-layout-flow\"><ul class=\"wp-block-post-template is-layout-flow wp-block-post-template-is-layout-flow\"><li class=\"wp-block-post post-114 post type-post status-publish format-standard has-post-thumbnail hentry category-blog category-fijo category-libros tag-cambiar-la-vida tag-desarrollo-personal tag-disciplina tag-el-poder-de-la-disciplina tag-libro tag-rutina tag-tu-mejor-version entry\">\n\n<div style=\"height:200px\" aria-hidden=\"true\" class=\"wp-block-spacer\"><\/div>\n\n\n<figure class=\"wp-block-post-featured-image\"><a href=\"https:\/\/tumejorversion.pro\/?p=114\" target=\"_self\" rel=\"https:\/\/tumejorversion.pro\/?p=114\" ><img loading=\"lazy\" decoding=\"async\" width=\"1280\" height=\"853\" src=\"https:\/\/tumejorversion.pro\/wp-content\/uploads\/2023\/09\/disciplina.jpg\" class=\"attachment-post-thumbnail size-post-thumbnail wp-post-image\" alt=\"El poder de la disciplina\" style=\"width:100%;height:66.64%;max-width:1280px;object-fit:cover;\" srcset=\"https:\/\/tumejorversion.pro\/wp-content\/uploads\/2023\/09\/disciplina.jpg 1280w, https:\/\/tumejorversion.pro\/wp-content\/uploads\/2023\/09\/disciplina-300x200.jpg 300w, https:\/\/tumejorversion.pro\/wp-content\/uploads\/2023\/09\/disciplina-1024x682.jpg 1024w, https:\/\/tumejorversion.pro\/wp-content\/uploads\/2023\/09\/disciplina-768x512.jpg 768w\" sizes=\"auto, (max-width: 1280px) 100vw, 1280px\" \/><\/a><\/figure>\n\n<h2 class=\"wp-block-post-title\"><a href=\"https:\/\/tumejorversion.pro\/?p=114\" target=\"_self\" rel=\"https:\/\/tumejorversion.pro\/?p=114\">El poder de la disciplina<\/a><\/h2>\n\n<div class=\"wp-block-post-date\"><time datetime=\"2023-09-23T12:27:24+02:00\">23 de septiembre de 2023<\/time><\/div>\n<\/li><li class=\"wp-block-post post-107 post type-post status-publish format-standard has-post-thumbnail hentry category-blog category-libros tag-cambiar-la-vida tag-desarrollo-personal tag-inteligencia-emocional tag-libro tag-tu-mejor-version entry\">\n\n<div style=\"height:200px\" aria-hidden=\"true\" class=\"wp-block-spacer\"><\/div>\n\n\n<figure class=\"wp-block-post-featured-image\"><a href=\"https:\/\/tumejorversion.pro\/?p=107\" target=\"_self\" rel=\"https:\/\/tumejorversion.pro\/?p=114\" ><img loading=\"lazy\" decoding=\"async\" width=\"1280\" height=\"859\" src=\"https:\/\/tumejorversion.pro\/wp-content\/uploads\/2023\/09\/emociones.jpg\" class=\"attachment-post-thumbnail size-post-thumbnail wp-post-image\" alt=\"Inteligencia emocional\" style=\"width:100%;height:67.11%;max-width:1280px;object-fit:cover;\" srcset=\"https:\/\/tumejorversion.pro\/wp-content\/uploads\/2023\/09\/emociones.jpg 1280w, https:\/\/tumejorversion.pro\/wp-content\/uploads\/2023\/09\/emociones-300x201.jpg 300w, https:\/\/tumejorversion.pro\/wp-content\/uploads\/2023\/09\/emociones-1024x687.jpg 1024w, https:\/\/tumejorversion.pro\/wp-content\/uploads\/2023\/09\/emociones-768x515.jpg 768w\" sizes=\"auto, (max-width: 1280px) 100vw, 1280px\" \/><\/a><\/figure>\n\n<h2 class=\"wp-block-post-title\"><a href=\"https:\/\/tumejorversion.pro\/?p=107\" target=\"_self\" rel=\"https:\/\/tumejorversion.pro\/?p=114\">Inteligencia emocional<\/a><\/h2>\n\n<div class=\"wp-block-post-date\"><time datetime=\"2023-09-23T11:57:39+02:00\">23 de septiembre de 2023<\/time><\/div>\n<\/li><\/ul><\/div>\n<\/div>\n<\/div>\n<\/div><\/div>\n\n\n\n<p>Con estas recomendaciones, llevando una rutina saludable&nbsp; y sobre todo, disfrutando del camino, lograr\u00e1s ese cambio de vida que vas buscando, el momento lo eliges t\u00fa. Da igual la edad que tengas, nunca se es demasiado joven ni demasiado mayor<\/p>\n","protected":false},"excerpt":{"rendered":"<p>\u00bfQuieres vivir tu mejor vida? \u00a1Descubre c\u00f3mo mejorar tu bienestar con rutinas saludables! \u00bfEst\u00e1s cansado de vivir una vida mediocre? \u00bfQuieres alcanzar tu m\u00e1ximo potencial y vivir tu mejor vida? En Tu mejor versi\u00f3n.pro, encontrar\u00e1s toda la informaci\u00f3n y herramientas necesarias para lograrlo. Siembra pensamiento, cosecha acci\u00f3n, siembra acci\u00f3n, cosecha h\u00e1bito, siembra h\u00e1bito, cosecha car\u00e1cter,&hellip; <a class=\"more-link\" href=\"https:\/\/tumejorversion.pro\/\">Seguir leyendo <span class=\"screen-reader-text\">Tu mejor version.pro<\/span><\/a><\/p>\n","protected":false},"author":1,"featured_media":71,"parent":0,"menu_order":0,"comment_status":"closed","ping_status":"closed","template":"","meta":{"footnotes":""},"class_list":["post-11","page","type-page","status-publish","has-post-thumbnail","hentry","entry"],"aioseo_notices":[],"_links":{"self":[{"href":"https:\/\/tumejorversion.pro\/index.php?rest_route=\/wp\/v2\/pages\/11","targetHints":{"allow":["GET"]}}],"collection":[{"href":"https:\/\/tumejorversion.pro\/index.php?rest_route=\/wp\/v2\/pages"}],"about":[{"href":"https:\/\/tumejorversion.pro\/index.php?rest_route=\/wp\/v2\/types\/page"}],"author":[{"embeddable":true,"href":"https:\/\/tumejorversion.pro\/index.php?rest_route=\/wp\/v2\/users\/1"}],"replies":[{"embeddable":true,"href":"https:\/\/tumejorversion.pro\/index.php?rest_route=%2Fwp%2Fv2%2Fcomments&post=11"}],"version-history":[{"count":24,"href":"https:\/\/tumejorversion.pro\/index.php?rest_route=\/wp\/v2\/pages\/11\/revisions"}],"predecessor-version":[{"id":218,"href":"https:\/\/tumejorversion.pro\/index.php?rest_route=\/wp\/v2\/pages\/11\/revisions\/218"}],"wp:featuredmedia":[{"embeddable":true,"href":"https:\/\/tumejorversion.pro\/index.php?rest_route=\/wp\/v2\/media\/71"}],"wp:attachment":[{"href":"https:\/\/tumejorversion.pro\/index.php?rest_route=%2Fwp%2Fv2%2Fmedia&parent=11"}],"curies":[{"name":"wp","href":"https:\/\/api.w.org\/{rel}","templated":true}]}}